{"id":7019,"date":"2026-01-22T10:47:42","date_gmt":"2026-01-22T10:47:42","guid":{"rendered":"https:\/\/globalforceresource.com\/nach-deutschland-umziehen-bildung\/"},"modified":"2026-01-28T16:24:30","modified_gmt":"2026-01-28T16:24:30","slug":"nach-deutschland-umziehen-bildung","status":"publish","type":"page","link":"https:\/\/globalforceresource.com\/de\/nach-deutschland-umziehen-bildung\/","title":{"rendered":"Nach Deutschland umziehen \u2013 Bildung"},"content":{"rendered":"\n<figure class=\"wp-block-image\"><img loading=\"lazy\" decoding=\"async\" width=\"214\" height=\"35\" src=\"http:\/\/globalforceresource.com\/wp-content\/uploads\/2015\/01\/EDUCATION.jpg\" alt=\"BILDUNG\" class=\"wp-image-2366\"\/><\/figure>\n\n<p>Deutschland bietet ein hoch angesehenes Bildungssystem, das zug\u00e4nglich, erschwinglich und weltweit respektiert ist. In Deutschland ist die \u00f6ffentliche Grund- und Sekundarschulbildung f\u00fcr ans\u00e4ssige Kinder, einschlie\u00dflich der Kinder internationaler Arbeitskr\u00e4fte, kostenlos und verpflichtend. Deutschland ist zudem f\u00fcr seinen starken Hochschulsektor bekannt, wobei \u00f6ffentliche Universit\u00e4ten kaum oder gar keine Studiengeb\u00fchren erheben, selbst f\u00fcr internationale Studierende, insbesondere auf Bachelor-Ebene. Neben den Universit\u00e4ten legt Deutschland gro\u00dfen Wert auf Berufsbildung und Ausbildung durch das duale Bildungssystem, das theoretischen Unterricht mit bezahlter praktischer Arbeit kombiniert. Mit Fokus auf akademische Exzellenz, technische F\u00e4higkeiten und Innovation bietet das deutsche Bildungssystem klare Wege zu h\u00f6herer Bildung, beruflicher Weiterentwicklung und langfristigen Karrierem\u00f6glichkeiten sowohl innerhalb Deutschlands als auch in ganz Europa.    <\/p>\n\n<p><strong>Zur\u00fcck zum Umzug nach <a href=\"https:\/\/globalforceresource.com\/relocate-germany\/\" data-type=\"page\" data-id=\"6579\">Deutschland<\/a><\/strong><\/p>\n","protected":false},"excerpt":{"rendered":"<p>Deutschland bietet ein hoch angesehenes Bildungssystem, das zug\u00e4nglich, erschwinglich und weltweit respektiert ist. In Deutschland ist die \u00f6ffentliche Grund- und Sekundarschulbildung f\u00fcr ans\u00e4ssige Kinder, einschlie\u00dflich der Kinder internationaler Arbeitskr\u00e4fte, kostenlos und verpflichtend. Deutschland ist zudem f\u00fcr seinen starken Hochschulsektor bekannt, wobei \u00f6ffentliche Universit\u00e4ten kaum oder gar keine Studiengeb\u00fchren erheben, selbst f\u00fcr internationale Studierende, insbesondere auf Bachelor-Ebene. Neben den Universit\u00e4ten legt Deutschland gro\u00dfen Wert auf Berufsbildung und Ausbildung durch das duale Bildungssystem, das theoretischen Unterricht mit bezahlter praktischer Arbeit kombiniert. Mit Fokus auf akademische Exzellenz, technische F\u00e4higkeiten und Innovation bietet das deutsche Bildungssystem klare Wege zu h\u00f6herer Bildung, beruflicher Weiterentwicklung und langfristigen Karrierem\u00f6glichkeiten sowohl innerhalb Deutschlands als auch in ganz Europa.<\/p>\n","protected":false},"author":32,"featured_media":0,"parent":0,"menu_order":0,"comment_status":"closed","ping_status":"closed","template":"","meta":{"footnotes":""},"class_list":["post-7019","page","type-page","status-publish","hentry"],"_links":{"self":[{"href":"https:\/\/globalforceresource.com\/de\/wp-json\/wp\/v2\/pages\/7019","targetHints":{"allow":["GET"]}}],"collection":[{"href":"https:\/\/globalforceresource.com\/de\/wp-json\/wp\/v2\/pages"}],"about":[{"href":"https:\/\/globalforceresource.com\/de\/wp-json\/wp\/v2\/types\/page"}],"author":[{"embeddable":true,"href":"https:\/\/globalforceresource.com\/de\/wp-json\/wp\/v2\/users\/32"}],"replies":[{"embeddable":true,"href":"https:\/\/globalforceresource.com\/de\/wp-json\/wp\/v2\/comments?post=7019"}],"version-history":[{"count":1,"href":"https:\/\/globalforceresource.com\/de\/wp-json\/wp\/v2\/pages\/7019\/revisions"}],"predecessor-version":[{"id":7020,"href":"https:\/\/globalforceresource.com\/de\/wp-json\/wp\/v2\/pages\/7019\/revisions\/7020"}],"wp:attachment":[{"href":"https:\/\/globalforceresource.com\/de\/wp-json\/wp\/v2\/media?parent=7019"}],"curies":[{"name":"wp","href":"https:\/\/api.w.org\/{rel}","templated":true}]}}